{"id":142,"date":"2020-11-11T10:05:06","date_gmt":"2020-11-11T09:05:06","guid":{"rendered":"http:\/\/bsh.nextag.ch\/mon-compte\/"},"modified":"2020-11-11T10:05:06","modified_gmt":"2020-11-11T09:05:06","slug":"mon-compte","status":"publish","type":"page","link":"https:\/\/www.inspiration-ateliers.ch\/fr\/mon-compte\/","title":{"rendered":"Mon compte"},"content":{"rendered":"<div class=\"woocommerce\"><\/div>\n","protected":false},"excerpt":{"rendered":"","protected":false},"author":1,"featured_media":0,"parent":0,"menu_order":45,"comment_status":"closed","ping_status":"closed","template":"","meta":{"_acf_changed":false,"footnotes":""},"class_list":["post-142","page","type-page","status-publish","hentry"],"acf":[],"yoast_head":"<!-- This site is optimized with the Yoast SEO plugin v27.5 - https:\/\/yoast.com\/product\/yoast-seo-wordpress\/ -->\n<title>Mon compte &#060; Ateliers der Inspiration<\/title>\n<meta name=\"description\" content=\"Mon compte - Il existe un lieu en Suisse connectant univers culinaire, design et technologie de pointe. Laissez-vous transporter par un lieu unique o\u00f9 la vie, le futur et la culture de la cuisine sont r\u00e9unis sous le m\u00eame toit. Un lieu o\u00f9 conseil et mise en pratique ne font qu\u2019un.\" \/>\n<meta name=\"robots\" content=\"index, follow, max-snippet:-1, max-image-preview:large, max-video-preview:-1\" \/>\n<link rel=\"canonical\" href=\"https:\/\/www.inspiration-ateliers.ch\/fr\/mon-compte\/\" \/>\n<meta property=\"og:locale\" content=\"fr_FR\" \/>\n<meta property=\"og:type\" content=\"article\" \/>\n<meta property=\"og:title\" content=\"Mon compte &#060; Ateliers der Inspiration\" \/>\n<meta property=\"og:description\" content=\"Mon compte - Il existe un lieu en Suisse connectant univers culinaire, design et technologie de pointe. Laissez-vous transporter par un lieu unique o\u00f9 la vie, le futur et la culture de la cuisine sont r\u00e9unis sous le m\u00eame toit. Un lieu o\u00f9 conseil et mise en pratique ne font qu\u2019un.\" \/>\n<meta property=\"og:url\" content=\"https:\/\/www.inspiration-ateliers.ch\/fr\/mon-compte\/\" \/>\n<meta property=\"og:site_name\" content=\"Ateliers der Inspiration\" \/>\n<meta name=\"twitter:card\" content=\"summary_large_image\" \/>\n<script type=\"application\/ld+json\" class=\"yoast-schema-graph\">{\"@context\":\"https:\\\/\\\/schema.org\",\"@graph\":[{\"@type\":\"WebPage\",\"@id\":\"https:\\\/\\\/www.inspiration-ateliers.ch\\\/fr\\\/mon-compte\\\/\",\"url\":\"https:\\\/\\\/www.inspiration-ateliers.ch\\\/fr\\\/mon-compte\\\/\",\"name\":\"Mon compte &#060; Ateliers der Inspiration\",\"isPartOf\":{\"@id\":\"https:\\\/\\\/www.inspiration-ateliers.ch\\\/#website\"},\"datePublished\":\"2020-11-11T09:05:06+00:00\",\"description\":\"Mon compte - Il existe un lieu en Suisse connectant univers culinaire, design et technologie de pointe. Laissez-vous transporter par un lieu unique o\u00f9 la vie, le futur et la culture de la cuisine sont r\u00e9unis sous le m\u00eame toit. Un lieu o\u00f9 conseil et mise en pratique ne font qu\u2019un.\",\"breadcrumb\":{\"@id\":\"https:\\\/\\\/www.inspiration-ateliers.ch\\\/fr\\\/mon-compte\\\/#breadcrumb\"},\"inLanguage\":\"fr-FR\",\"potentialAction\":[{\"@type\":\"ReadAction\",\"target\":[\"https:\\\/\\\/www.inspiration-ateliers.ch\\\/fr\\\/mon-compte\\\/\"]}]},{\"@type\":\"BreadcrumbList\",\"@id\":\"https:\\\/\\\/www.inspiration-ateliers.ch\\\/fr\\\/mon-compte\\\/#breadcrumb\",\"itemListElement\":[{\"@type\":\"ListItem\",\"position\":1,\"name\":\"Home\",\"item\":\"https:\\\/\\\/www.inspiration-ateliers.ch\\\/fr\\\/\"},{\"@type\":\"ListItem\",\"position\":2,\"name\":\"Mon compte\"}]},{\"@type\":\"WebSite\",\"@id\":\"https:\\\/\\\/www.inspiration-ateliers.ch\\\/#website\",\"url\":\"https:\\\/\\\/www.inspiration-ateliers.ch\\\/\",\"name\":\"Ateliers der Inspiration\",\"description\":\"\",\"potentialAction\":[{\"@type\":\"SearchAction\",\"target\":{\"@type\":\"EntryPoint\",\"urlTemplate\":\"https:\\\/\\\/www.inspiration-ateliers.ch\\\/?s={search_term_string}\"},\"query-input\":{\"@type\":\"PropertyValueSpecification\",\"valueRequired\":true,\"valueName\":\"search_term_string\"}}],\"inLanguage\":\"fr-FR\"}]}<\/script>\n<!-- \/ Yoast SEO plugin. -->","yoast_head_json":{"title":"Mon compte &#060; Ateliers der Inspiration","description":"Mon compte - Il existe un lieu en Suisse connectant univers culinaire, design et technologie de pointe. Laissez-vous transporter par un lieu unique o\u00f9 la vie, le futur et la culture de la cuisine sont r\u00e9unis sous le m\u00eame toit. Un lieu o\u00f9 conseil et mise en pratique ne font qu\u2019un.","robots":{"index":"index","follow":"follow","max-snippet":"max-snippet:-1","max-image-preview":"max-image-preview:large","max-video-preview":"max-video-preview:-1"},"canonical":"https:\/\/www.inspiration-ateliers.ch\/fr\/mon-compte\/","og_locale":"fr_FR","og_type":"article","og_title":"Mon compte &#060; Ateliers der Inspiration","og_description":"Mon compte - Il existe un lieu en Suisse connectant univers culinaire, design et technologie de pointe. Laissez-vous transporter par un lieu unique o\u00f9 la vie, le futur et la culture de la cuisine sont r\u00e9unis sous le m\u00eame toit. Un lieu o\u00f9 conseil et mise en pratique ne font qu\u2019un.","og_url":"https:\/\/www.inspiration-ateliers.ch\/fr\/mon-compte\/","og_site_name":"Ateliers der Inspiration","twitter_card":"summary_large_image","schema":{"@context":"https:\/\/schema.org","@graph":[{"@type":"WebPage","@id":"https:\/\/www.inspiration-ateliers.ch\/fr\/mon-compte\/","url":"https:\/\/www.inspiration-ateliers.ch\/fr\/mon-compte\/","name":"Mon compte &#060; Ateliers der Inspiration","isPartOf":{"@id":"https:\/\/www.inspiration-ateliers.ch\/#website"},"datePublished":"2020-11-11T09:05:06+00:00","description":"Mon compte - Il existe un lieu en Suisse connectant univers culinaire, design et technologie de pointe. Laissez-vous transporter par un lieu unique o\u00f9 la vie, le futur et la culture de la cuisine sont r\u00e9unis sous le m\u00eame toit. Un lieu o\u00f9 conseil et mise en pratique ne font qu\u2019un.","breadcrumb":{"@id":"https:\/\/www.inspiration-ateliers.ch\/fr\/mon-compte\/#breadcrumb"},"inLanguage":"fr-FR","potentialAction":[{"@type":"ReadAction","target":["https:\/\/www.inspiration-ateliers.ch\/fr\/mon-compte\/"]}]},{"@type":"BreadcrumbList","@id":"https:\/\/www.inspiration-ateliers.ch\/fr\/mon-compte\/#breadcrumb","itemListElement":[{"@type":"ListItem","position":1,"name":"Home","item":"https:\/\/www.inspiration-ateliers.ch\/fr\/"},{"@type":"ListItem","position":2,"name":"Mon compte"}]},{"@type":"WebSite","@id":"https:\/\/www.inspiration-ateliers.ch\/#website","url":"https:\/\/www.inspiration-ateliers.ch\/","name":"Ateliers der Inspiration","description":"","potentialAction":[{"@type":"SearchAction","target":{"@type":"EntryPoint","urlTemplate":"https:\/\/www.inspiration-ateliers.ch\/?s={search_term_string}"},"query-input":{"@type":"PropertyValueSpecification","valueRequired":true,"valueName":"search_term_string"}}],"inLanguage":"fr-FR"}]}},"_links":{"self":[{"href":"https:\/\/www.inspiration-ateliers.ch\/fr\/wp-json\/wp\/v2\/pages\/142","targetHints":{"allow":["GET"]}}],"collection":[{"href":"https:\/\/www.inspiration-ateliers.ch\/fr\/wp-json\/wp\/v2\/pages"}],"about":[{"href":"https:\/\/www.inspiration-ateliers.ch\/fr\/wp-json\/wp\/v2\/types\/page"}],"author":[{"embeddable":true,"href":"https:\/\/www.inspiration-ateliers.ch\/fr\/wp-json\/wp\/v2\/users\/1"}],"replies":[{"embeddable":true,"href":"https:\/\/www.inspiration-ateliers.ch\/fr\/wp-json\/wp\/v2\/comments?post=142"}],"version-history":[{"count":0,"href":"https:\/\/www.inspiration-ateliers.ch\/fr\/wp-json\/wp\/v2\/pages\/142\/revisions"}],"wp:attachment":[{"href":"https:\/\/www.inspiration-ateliers.ch\/fr\/wp-json\/wp\/v2\/media?parent=142"}],"curies":[{"name":"wp","href":"https:\/\/api.w.org\/{rel}","templated":true}]}}